{"id":8,"date":"2021-10-26T09:52:42","date_gmt":"2021-10-26T09:52:42","guid":{"rendered":"http:\/\/kut.tigi23.eu\/?page_id=3"},"modified":"2021-10-26T09:52:42","modified_gmt":"2021-10-26T09:52:42","slug":"adatkezelesi-tajekoztato","status":"publish","type":"page","link":"https:\/\/diszallatkutsera.hu\/index.php\/adatkezelesi-tajekoztato\/","title":{"rendered":"Adatkezel\u00e9si t\u00e1j\u00e9koztat\u00f3"},"content":{"rendered":"\n<h2 class=\"wp-block-heading\">Kik vagyunk<\/h2>\n\n\n\n<p>T\u00f6bb \u00e9vtizedes \u00e1llattart\u00e1si tapasztalattal v\u00e1rj\u00e1k a&nbsp;<strong>D\u00edsz\u00e1llat Kutsera kis\u00e1llatkeresked\u00e9s<\/strong>&nbsp;szakemberei, sz\u00e9les v\u00e1laszt\u00e9kkal felszerelt \u00fczleteiben, a megb\u00edzhat\u00f3 \u00e9s magas min\u0151s\u00e9g\u0171 term\u00e9keket kedvel\u0151 \u00e1llatbar\u00e1tokat.<\/p>\n\n\n\n<p>Budapesten \u00e9s k\u00f6rny\u00e9k\u00e9n <a href=\"https:\/\/diszallatkutsera.hu\/uzleteink\/\">7 \u00fczlettel<\/a>, h\u00e9tk\u00f6zben \u00e9s legt\u00f6bb helyen h\u00e9tv\u00e9g\u00e9n is b\u00e1tran fordulhat hozz\u00e1nk, hogy kedvencei mindig a lehet\u0151 legmagasabb sz\u00ednvonal\u00fa t\u00e1pokhoz \u00e9s kieg\u00e9sz\u00edt\u0151kh\u00f6z juthassanak.&nbsp;A kicsikt\u0151l eg\u00e9szen a nagyokig,&nbsp;<strong>a h\u00e9tk\u00f6znapit\u00f3l az egzotikusig<\/strong>, n\u00e1lunk minden jelenlegi \u00e9s leend\u0151 \u00e1llattulajdonos megtal\u00e1lja sz\u00e1m\u00edt\u00e1sait.<\/p>\n\n\n\n<p>F\u0151 profilunk az \u00e9desv\u00edzi halak, kistest\u0171 \u00e1llatok, madarak, h\u00fcll\u0151k kiskereskedelme. K\u00edn\u00e1latunkban kiemelt figyelmet ford\u00edtunk a pr\u00e9mium min\u0151s\u00e9g\u0171 kutyat\u00e1pok \u00e9s macskaeledelek forgalmaz\u00e1s\u00e1ra, valamint a kis\u00e1llattart\u00e1shoz n\u00e9lk\u00fcl\u00f6zhetetlen kieg\u00e9sz\u00edt\u0151k, felszerel\u00e9sek sz\u00e9les v\u00e1laszt\u00e9k\u00e1ra. Forgalmazott m\u00e1rk\u00e1k felsorol\u00e1s\u00e1t <a href=\"http:\/\/diszallatkutsera.hu\/#termekek\"><strong>itt<\/strong><\/a> tal\u00e1lja.<\/p>\n\n\n\n<p>Weboldalunk: diszallatkutsera.hu<\/p>\n\n\n\n<p>K\u00f6z\u00f6ss\u00e9gi m\u00e9dia: <a rel=\"noreferrer noopener\" href=\"https:\/\/www.facebook.com\/kutsera.diszallat\" data-type=\"URL\" data-id=\"https:\/\/www.facebook.com\/kutsera.diszallat\" target=\"_blank\"><strong>facebook.com\/kutsera.diszallat<\/strong><\/a><\/p>\n\n\n\n<p>Impresszum: <a rel=\"noreferrer noopener\" href=\"https:\/\/diszallatkutsera.hu\/impresszum\" data-type=\"URL\" data-id=\"https:\/\/diszallatkutsera.hu\/impresszum\" target=\"_blank\"><strong>diszallatkutsera.hu\/impresszum<\/strong><\/a><\/p>\n\n\n\n<h2 class=\"wp-block-heading\">S\u00fctik<\/h2>\n\n\n\n<p>A s\u00fctik r\u00f6vid adatf\u00e1jlok, amelyeket a weboldalak a felhaszn\u00e1l\u00f3 sz\u00e1m\u00edt\u00f3g\u00e9p\u00e9n(eszk\u00f6z\u00e9n) helyeznek el. Ezek a f\u00e1jlok teszik lehet\u0151v\u00e9, hogy az oldalak felismerj\u00e9k a felhaszn\u00e1l\u00f3 \u00e1ltal haszn\u00e1lt eszk\u00f6zt, amikor kapcsolat j\u00f6n l\u00e9tre k\u00f6zt\u00fck.  Weboldalunk alap esetben csak olyan s\u00fctiket haszn\u00e1l, amelyek a weboldal alap funkci\u00f3ihoz elengedhetetlenek. Ezek n\u00e9lk\u00fcl a s\u00fctik n\u00e9lk\u00fcl weboldalunk m\u0171k\u00f6d\u00e9sk\u00e9ptelen lenne a felhaszn\u00e1l\u00f3 sz\u00e1m\u00e1ra. <\/p>\n\n\n\n<p>Az oldal haszn\u00e1lata k\u00f6zben nem k\u00f6vetj\u00fck nyomon internetes tev\u00e9kenys\u00e9g\u00e9t \u00e9s nem adjuk ki harmadik f\u00e9lnek azokat.<\/p>\n\n\n\n<h2 class=\"wp-block-heading\">Mennyi ideig t\u00e1roljuk a s\u00fctiket?<\/h2>\n\n\n<p>Elfogad\u00e1skor a s\u00fctik egy h\u00f3napig t\u00e1rol\u00f3dnak az eszk\u00f6z\u00f6\u00e9n, ezt k\u00f6vet\u0151en automatikusan t\u00f6rl\u0151dnek, \u00e9s oldalunk a k\u00f6vetkez\u0151 l\u00e1togat\u00e1skor k\u00e9r \u00fajra enged\u00e9lyt a t\u00e1rol\u00e1sukhoz. B\u00f6ng\u00e9sz\u0151j\u00e9ben manu\u00e1lisan is t\u00f6r\u00f6lheti ezeket a s\u00fctiket b\u00e1rmikor. B\u0151vebben <a href=\"https:\/\/support.google.com\/accounts\/answer\/32050?hl=hu&amp;co=GENIE.Platform%3DDesktop\" target=\"_blank\" rel=\"noreferrer noopener\" data-type=\"URL\" data-id=\"https:\/\/support.google.com\/accounts\/answer\/32050?hl=hu&amp;co=GENIE.Platform%3DDesktop\">itt<\/a> tal\u00e1l seg\u00edts\u00e9get s\u00fctik t\u00f6rl\u00e9s\u00e9re.<\/p>\n\n\n<h2 class=\"wp-block-heading\">M\u00e1s honlapokr\u00f3l sz\u00e1rmaz\u00f3 be\u00e1gyazott tartalmak <\/h2>\n\n\n\n<p>Harmadik f\u00e9lt\u0151l sz\u00e1rmaz\u00f3&nbsp;s\u00fctik, amelyeket nem az a weboldal tesz le, amelyiken jelenleg tart\u00f3zkodik. Oldalunkon Facebook (harmadik f\u00e9l) b\u0151v\u00edtm\u00e9nyek m\u0171k\u00f6dnek. Ezek a b\u0151v\u00edtm\u00e9nyek s\u00fctiket hagynak maguk ut\u00e1n, amelyet a Facebook el tud olvasni. Ez egy harmadik f\u00e9lt\u0151l sz\u00e1rmaz\u00f3 s\u00fcti.<\/p>\n\n\n\n<p>N\u00e9h\u00e1ny hirdet\u0151 arra haszn\u00e1lja a s\u00fctiket, hogy nyomon k\u00f6vesse az olyan weboldalak l\u00e1togat\u00e1s\u00e1t, amelyen hirdetnek. Amennyiben ezt nem szeretn\u00e9, a b\u00f6ng\u00e9sz\u0151j\u00e9ben tiltsa le a harmadik f\u00e9lt\u0151l sz\u00e1rmaz\u00f3 s\u00fctiket, \u00e9s az al\u00e1bbi felugr\u00f3 men\u00fcben v\u00e1lassza az &#8222;Elutas\u00edtom&#8221; lehet\u0151s\u00e9get. Ha m\u00e1r elfogadta, m\u00f3dos\u00edthatja a kor\u00e1bbi beleegyez\u00e9s\u00e9t:<\/p>\n\n\n<p>[cookies_revoke]<\/p>\n\n\n\n<p><\/p>\n","protected":false},"excerpt":{"rendered":"<p>Kik vagyunk T\u00f6bb \u00e9vtizedes \u00e1llattart\u00e1si tapasztalattal v\u00e1rj\u00e1k a&nbsp;D\u00edsz\u00e1llat Kutsera kis\u00e1llatkeresked\u00e9s&nbsp;szakemberei, sz\u00e9les v\u00e1laszt\u00e9kkal felszerelt \u00fczleteiben, a megb\u00edzhat\u00f3 \u00e9s magas min\u0151s\u00e9g\u0171 term\u00e9keket kedvel\u0151 \u00e1llatbar\u00e1tokat. Budapesten \u00e9s k\u00f6rny\u00e9k\u00e9n 7 \u00fczlettel, h\u00e9tk\u00f6zben \u00e9s legt\u00f6bb helyen h\u00e9tv\u00e9g\u00e9n is b\u00e1tran fordulhat hozz\u00e1nk, hogy kedvencei mindig a lehet\u0151 legmagasabb sz\u00ednvonal\u00fa t\u00e1pokhoz \u00e9s kieg\u00e9sz\u00edt\u0151kh\u00f6z juthassanak.&nbsp;A kicsikt\u0151l eg\u00e9szen a nagyokig,&nbsp;a h\u00e9tk\u00f6znapit\u00f3l az egzotikusig, n\u00e1lunk minden jelenlegi \u00e9s leend\u0151 \u00e1llattulajdonos megtal\u00e1lja sz\u00e1m\u00edt\u00e1sait. F\u0151 profilunk az \u00e9desv\u00edzi halak, kistest\u0171 \u00e1llatok, madarak, h\u00fcll\u0151k kiskereskedelme. K\u00edn\u00e1latunkban kiemelt figyelmet ford\u00edtunk a pr\u00e9mium min\u0151s\u00e9g\u0171 kutyat\u00e1pok \u00e9s macskaeledelek forgalmaz\u00e1s\u00e1ra, valamint a kis\u00e1llattart\u00e1shoz n\u00e9lk\u00fcl\u00f6zhetetlen kieg\u00e9sz\u00edt\u0151k, felszerel\u00e9sek sz\u00e9les v\u00e1laszt\u00e9k\u00e1ra. Forgalmazott m\u00e1rk\u00e1k felsorol\u00e1s\u00e1t itt tal\u00e1lja. Weboldalunk: diszallatkutsera.hu K\u00f6z\u00f6ss\u00e9gi m\u00e9dia: facebook.com\/kutsera.diszallat Impresszum: diszallatkutsera.hu\/impresszum S\u00fctik A s\u00fctik r\u00f6vid adatf\u00e1jlok, amelyeket a weboldalak a felhaszn\u00e1l\u00f3 sz\u00e1m\u00edt\u00f3g\u00e9p\u00e9n(eszk\u00f6z\u00e9n) helyeznek el. Ezek a f\u00e1jlok teszik lehet\u0151v\u00e9, hogy az oldalak felismerj\u00e9k a felhaszn\u00e1l\u00f3 \u00e1ltal haszn\u00e1lt eszk\u00f6zt, amikor kapcsolat j\u00f6n l\u00e9tre k\u00f6zt\u00fck. Weboldalunk alap esetben csak olyan s\u00fctiket haszn\u00e1l, amelyek a weboldal alap funkci\u00f3ihoz elengedhetetlenek. Ezek n\u00e9lk\u00fcl a s\u00fctik n\u00e9lk\u00fcl weboldalunk m\u0171k\u00f6d\u00e9sk\u00e9ptelen lenne a felhaszn\u00e1l\u00f3 sz\u00e1m\u00e1ra. Az oldal haszn\u00e1lata k\u00f6zben nem k\u00f6vetj\u00fck nyomon internetes tev\u00e9kenys\u00e9g\u00e9t \u00e9s nem adjuk ki harmadik f\u00e9lnek azokat. Mennyi ideig t\u00e1roljuk a s\u00fctiket? Elfogad\u00e1skor a s\u00fctik egy h\u00f3napig t\u00e1rol\u00f3dnak az eszk\u00f6z\u00f6\u00e9n, ezt k\u00f6vet\u0151en automatikusan t\u00f6rl\u0151dnek, \u00e9s oldalunk a k\u00f6vetkez\u0151 l\u00e1togat\u00e1skor k\u00e9r \u00fajra enged\u00e9lyt a t\u00e1rol\u00e1sukhoz. B\u00f6ng\u00e9sz\u0151j\u00e9ben manu\u00e1lisan is t\u00f6r\u00f6lheti ezeket a s\u00fctiket b\u00e1rmikor. B\u0151vebben itt tal\u00e1l seg\u00edts\u00e9get s\u00fctik t\u00f6rl\u00e9s\u00e9re. M\u00e1s honlapokr\u00f3l sz\u00e1rmaz\u00f3 be\u00e1gyazott tartalmak Harmadik f\u00e9lt\u0151l sz\u00e1rmaz\u00f3&nbsp;s\u00fctik, amelyeket nem az a weboldal tesz le, amelyiken jelenleg tart\u00f3zkodik. Oldalunkon Facebook (harmadik f\u00e9l) b\u0151v\u00edtm\u00e9nyek m\u0171k\u00f6dnek. Ezek a b\u0151v\u00edtm\u00e9nyek s\u00fctiket hagynak maguk ut\u00e1n, amelyet a Facebook el tud olvasni. Ez egy harmadik f\u00e9lt\u0151l sz\u00e1rmaz\u00f3 s\u00fcti. N\u00e9h\u00e1ny hirdet\u0151 arra haszn\u00e1lja a s\u00fctiket, hogy nyomon k\u00f6vesse az olyan weboldalak l\u00e1togat\u00e1s\u00e1t, amelyen hirdetnek. Amennyiben ezt nem szeretn\u00e9, a b\u00f6ng\u00e9sz\u0151j\u00e9ben tiltsa le a harmadik f\u00e9lt\u0151l sz\u00e1rmaz\u00f3 s\u00fctiket, \u00e9s az al\u00e1bbi felugr\u00f3 men\u00fcben v\u00e1lassza az &#8222;Elutas\u00edtom&#8221; lehet\u0151s\u00e9get. Ha m\u00e1r elfogadta, m\u00f3dos\u00edthatja a kor\u00e1bbi beleegyez\u00e9s\u00e9t:<\/p>\n","protected":false},"author":1,"featured_media":0,"parent":0,"menu_order":0,"comment_status":"closed","ping_status":"open","template":"","meta":{"footnotes":""},"class_list":["post-8","page","type-page","status-publish","hentry"],"_links":{"self":[{"href":"https:\/\/diszallatkutsera.hu\/index.php\/wp-json\/wp\/v2\/pages\/8","targetHints":{"allow":["GET"]}}],"collection":[{"href":"https:\/\/diszallatkutsera.hu\/index.php\/wp-json\/wp\/v2\/pages"}],"about":[{"href":"https:\/\/diszallatkutsera.hu\/index.php\/wp-json\/wp\/v2\/types\/page"}],"author":[{"embeddable":true,"href":"https:\/\/diszallatkutsera.hu\/index.php\/wp-json\/wp\/v2\/users\/1"}],"replies":[{"embeddable":true,"href":"https:\/\/diszallatkutsera.hu\/index.php\/wp-json\/wp\/v2\/comments?post=8"}],"version-history":[{"count":0,"href":"https:\/\/diszallatkutsera.hu\/index.php\/wp-json\/wp\/v2\/pages\/8\/revisions"}],"wp:attachment":[{"href":"https:\/\/diszallatkutsera.hu\/index.php\/wp-json\/wp\/v2\/media?parent=8"}],"curies":[{"name":"wp","href":"https:\/\/api.w.org\/{rel}","templated":true}]}}